{"id":1096,"date":"2015-02-10T19:21:05","date_gmt":"2015-02-10T19:21:05","guid":{"rendered":"http:\/\/equiqo.com\/home-2\/?lang=pl"},"modified":"2017-06-08T13:24:22","modified_gmt":"2017-06-08T12:24:22","slug":"home","status":"publish","type":"page","link":"https:\/\/blog.equiqo.com\/pl\/","title":{"rendered":"Home"},"content":{"rendered":"<div class=\"fusion-fullwidth fullwidth-box fusion-fullwidth-1  fusion-parallax-none nonhundred-percent-fullwidth\" style=\"border-color:#eae9e9;border-bottom-width: 0px;border-top-width: 0px;border-bottom-style: solid;border-top-style: solid;padding-bottom:40px;padding-top:40px;padding-left:;padding-right:;background-color:#ecf1f1;\"><style type=\"text\/css\" scoped=\"scoped\">.fusion-fullwidth-1 {\n                            padding-left: px !important;\n                            padding-right: px !important;\n                        }<\/style><div class=\"fusion-row\"><div class=\"fusion-one-half fusion-layout-column fusion-spacing-no fusion-hide-on-mobile\" style=\"margin-top:0px;margin-bottom:20px;\"><div class=\"fusion-column-wrapper\"><div class=\"fusion-column-table\"><div class=\"fusion-column-tablecell\"><span class=\"fusion-imageframe imageframe-none imageframe-1 hover-type-none\"> <img src=\"\/\/equiqo.com\/wp-content\/uploads\/2015\/02\/sprinters_6.png\" alt=\"\" class=\"img-responsive\"\/><\/span><div class=\"fusion-clearfix\"><\/div><\/div><\/div><\/div><\/div><div class=\"fusion-one-half fusion-layout-column fusion-column-last fusion-spacing-no\" style=\"margin-top:0px;margin-bottom:20px;\"><div class=\"fusion-column-wrapper\"><div class=\"fusion-column-table\"><div class=\"fusion-column-tablecell\"><h1>Pomagamy<br \/>\nCi rosn\u0105\u0107<\/h1>\n<div class=\"fusion-clearfix\"><\/div><\/div><\/div><\/div><\/div><div class=\"fusion-clearfix\"><\/div><\/div><\/div><div class=\"fusion-fullwidth fullwidth-box fusion-fullwidth-2  fusion-parallax-none nonhundred-percent-fullwidth fusion-equal-height-columns\" style=\"border-color:#eae9e9;border-bottom-width: 0px;border-top-width: 0px;border-bottom-style: solid;border-top-style: solid;padding-bottom:40px;padding-top:40px;padding-left:;padding-right:;background-color:#ffffff;\"><style type=\"text\/css\" scoped=\"scoped\">.fusion-fullwidth-2 {\n                            padding-left: px !important;\n                            padding-right: px !important;\n                        }<\/style><div class=\"fusion-row\"><div class=\"fusion-one-third fusion-layout-column fusion-spacing-no\" style=\"margin-top:0px;margin-bottom:20px;\"><div class=\"fusion-column-wrapper\"><div class=\"fusion-column-table\"><div class=\"fusion-column-tablecell\"><span class=\"fusion-imageframe imageframe-none imageframe-2 hover-type-none\"> <img src=\"\/\/equiqo.com\/wp-content\/uploads\/2015\/02\/ico_services2.jpg\" alt=\"\" class=\"img-responsive\"\/><\/span><div class=\"fusion-clearfix\"><\/div><\/div><\/div><\/div><\/div><div class=\"fusion-two-third fusion-layout-column fusion-column-last fusion-spacing-no\" style=\"margin-top:0px;margin-bottom:20px;\"><div class=\"fusion-column-wrapper\"><div class=\"fusion-column-table\"><div class=\"fusion-column-tablecell\"><p><strong>Oprogramowanie &#8211; kompletne rozwi\u0105zania<\/strong><br \/>\nEquiqo zapewni Ci oprogramowanie, kt\u00f3re b\u0119dzie stanowi\u0107 kompletne rozwi\u0105zanie dla Twoich potrzeb, mi\u0119dzy innymi tworzenie program\u00f3w i aplikacji dla Twojej firmy. Oferujemy elastyczne terminy i nadz\u00f3r kierownik\u00f3w projektu.<\/p>\n<div class=\"fusion-clearfix\"><\/div><\/div><\/div><\/div><\/div><div class=\"fusion-clearfix\"><\/div><\/div><\/div><div class=\"fusion-fullwidth fullwidth-box fusion-fullwidth-3  fusion-parallax-none nonhundred-percent-fullwidth fusion-equal-height-columns\" style=\"border-color:#eae9e9;border-bottom-width: 0px;border-top-width: 0px;border-bottom-style: solid;border-top-style: solid;padding-bottom:00px;padding-top:00px;padding-left:;padding-right:;background-color:#ffffff;\"><style type=\"text\/css\" scoped=\"scoped\">.fusion-fullwidth-3 {\n                            padding-left: px !important;\n                            padding-right: px !important;\n                        }<\/style><div class=\"fusion-row\"><div class=\"fusion-one-third fusion-layout-column fusion-spacing-no\" style=\"margin-top:0px;margin-bottom:20px;\"><div class=\"fusion-column-wrapper\"><div class=\"fusion-column-table\"><div class=\"fusion-column-tablecell\"><span class=\"fusion-imageframe imageframe-none imageframe-3 hover-type-none\"> <img src=\"\/\/equiqo.com\/wp-content\/uploads\/2015\/02\/ico_services3.jpg\" alt=\"\" class=\"img-responsive\"\/><\/span><div class=\"fusion-clearfix\"><\/div><\/div><\/div><\/div><\/div><div class=\"fusion-two-third fusion-layout-column fusion-column-last fusion-spacing-no\" style=\"margin-top:0px;margin-bottom:20px;\"><div class=\"fusion-column-wrapper\"><div class=\"fusion-column-table\"><div class=\"fusion-column-tablecell\"><p><strong>Tworzenie aplikacji<\/strong><br \/>\nEquiqo stworzy dla Ciebie Twoj\u0105 aplikacj\u0119. Je\u015bli chcesz wykorzysta\u0107 niezwyk\u0142y rozw\u00f3j mobilnego Internetu i zyska\u0107 nowe kana\u0142y dystrybucji, mo\u017cemy Ci pom\u00f3c. Stworzymy aplikacj\u0119 dla IOS lub Androida wed\u0142ug Twoich potrzeb.<\/p>\n<div class=\"fusion-clearfix\"><\/div><\/div><\/div><\/div><\/div><div class=\"fusion-clearfix\"><\/div><\/div><\/div><div class=\"fusion-fullwidth fullwidth-box fusion-fullwidth-4  fusion-parallax-none nonhundred-percent-fullwidth fusion-equal-height-columns\" style=\"border-color:#eae9e9;border-bottom-width: 0px;border-top-width: 0px;border-bottom-style: solid;border-top-style: solid;padding-bottom:40px;padding-top:40px;padding-left:;padding-right:;background-color:#ffffff;\"><style type=\"text\/css\" scoped=\"scoped\">.fusion-fullwidth-4 {\n                            padding-left: px !important;\n                            padding-right: px !important;\n                        }<\/style><div class=\"fusion-row\"><div class=\"fusion-one-third fusion-layout-column fusion-spacing-no\" style=\"margin-top:0px;margin-bottom:20px;\"><div class=\"fusion-column-wrapper\"><div class=\"fusion-column-table\"><div class=\"fusion-column-tablecell\"><span class=\"fusion-imageframe imageframe-none imageframe-4 hover-type-none\"> <img src=\"\/\/equiqo.com\/wp-content\/uploads\/2015\/02\/ico_services1.jpg\" alt=\"\" class=\"img-responsive\"\/><\/span><div class=\"fusion-clearfix\"><\/div><\/div><\/div><\/div><\/div><div class=\"fusion-two-third fusion-layout-column fusion-column-last fusion-spacing-no\" style=\"margin-top:0px;margin-bottom:20px;\"><div class=\"fusion-column-wrapper\"><div class=\"fusion-column-table\"><div class=\"fusion-column-tablecell\"><p><strong>Developerzy \u015bwiatowej klasy<\/strong><br \/>\nNasi developerzy (senior i junior) b\u0119d\u0105 pracowa\u0107 z Twoim zespo\u0142em z naszych biur w Polsce. Dobrani specjalnie do Twoich potrzeb, \u0142\u0105cz\u0105 bieg\u0142o\u015b\u0107 w j\u0119zyku angielskim z do\u015bwiadczeniem w bran\u017cy projektowej i programowaniu.<br \/>\nNaszym celem jest stworzenie d\u0142ugotrwa\u0142ej wsp\u00f3\u0142pracy z klientami, dlatego ka\u017cdy cz\u0142onek naszego zespo\u0142u jest starannie dobierany do potrzeb klienta.<\/p>\n<div class=\"fusion-clearfix\"><\/div><\/div><\/div><\/div><\/div><div class=\"fusion-clearfix\"><\/div><\/div><\/div><div class=\"fusion-fullwidth fullwidth-box fusion-fullwidth-5  fusion-parallax-none nonhundred-percent-fullwidth fusion-equal-height-columns\" style=\"border-color:#eae9e9;border-bottom-width: 0px;border-top-width: 0px;border-bottom-style: solid;border-top-style: solid;padding-bottom:0px;padding-top:0px;padding-left:0px;padding-right:0px;background-color:#ecf1f1;\"><style type=\"text\/css\" scoped=\"scoped\">.fusion-fullwidth-5 {\n                            padding-left: 0px !important;\n                            padding-right: 0px !important;\n                        }<\/style><div class=\"fusion-row\"><div class=\"fusion-one-half fusion-layout-column fusion-spacing-no\" style=\"margin-top:0px;margin-bottom:20px;\"><div class=\"fusion-column-wrapper\"><div class=\"imageframe-align-center\"><span class=\"fusion-imageframe imageframe-none imageframe-5 hover-type-none\"> <img src=\"\/\/equiqo.com\/wp-content\/uploads\/2015\/02\/3_a.png\" alt=\"\" class=\"img-responsive\"\/><\/span><\/div><div class=\"fusion-clearfix\"><\/div><\/div><\/div><div class=\"fusion-one-half fusion-layout-column fusion-column-last fusion-spacing-no\" style=\"margin-top:0px;margin-bottom:20px;\"><div class=\"fusion-column-wrapper\"><div class=\"fusion-column-table\"><div class=\"fusion-column-tablecell\"><h2>Naszych ekspert\u00f3w zatrudnisz w trzech \u0142atwych krokach:<\/h2>\n<div class=\"fusion-clearfix\"><\/div><\/div><\/div><\/div><\/div><div class=\"fusion-clearfix\"><\/div><\/div><\/div><div class=\"fusion-fullwidth fullwidth-box fusion-fullwidth-6  fusion-parallax-none nonhundred-percent-fullwidth fusion-equal-height-columns\" style=\"border-color:#eae9e9;border-bottom-width: 0px;border-top-width: 0px;border-bottom-style: solid;border-top-style: solid;padding-bottom:20px;padding-top:20px;padding-left:;padding-right:;background-color:#ecf1f1;\"><style type=\"text\/css\" scoped=\"scoped\">.fusion-fullwidth-6 {\n                            padding-left: px !important;\n                            padding-right: px !important;\n                        }<\/style><div class=\"fusion-row\"><div class=\"fusion-one-third fusion-layout-column fusion-spacing-no fusion-hide-on-mobile\" style=\"margin-top:0px;margin-bottom:20px;\"><div class=\"fusion-column-wrapper\"><div class=\"fusion-column-table\"><div class=\"fusion-column-tablecell\"><div class=\"fusion-clearfix\"><\/div><\/div><\/div><\/div><\/div><div class=\"fusion-one-third fusion-layout-column fusion-spacing-no\" style=\"margin-top:0px;margin-bottom:20px;\"><div class=\"fusion-column-wrapper\"><div class=\"fusion-column-table\"><div class=\"fusion-column-tablecell\"><span class=\"fusion-imageframe imageframe-none imageframe-6 hover-type-none\"> <img src=\"\/\/equiqo.com\/wp-content\/uploads\/2015\/02\/ico_4_1.png\" alt=\"\" class=\"img-responsive\"\/><\/span><div class=\"fusion-clearfix\"><\/div><\/div><\/div><\/div><\/div><div class=\"fusion-one-third fusion-layout-column fusion-column-last fusion-spacing-no\" style=\"margin-top:0px;margin-bottom:20px;\"><div class=\"fusion-column-wrapper\"><div class=\"fusion-column-table\"><div class=\"fusion-column-tablecell\"><h2>1. Potrzeby<\/h2>\n<p>M\u00f3wisz nam, jakich umiej\u0119tno\u015bci potrzebujesz.<\/p>\n<div class=\"fusion-clearfix\"><\/div><\/div><\/div><\/div><\/div><div class=\"fusion-clearfix\"><\/div><\/div><\/div><div class=\"fusion-fullwidth fullwidth-box fusion-fullwidth-7  fusion-parallax-none nonhundred-percent-fullwidth fusion-equal-height-columns\" style=\"border-color:#eae9e9;border-bottom-width: 0px;border-top-width: 0px;border-bottom-style: solid;border-top-style: solid;padding-bottom:20px;padding-top:20px;padding-left:;padding-right:;background-color:#ecf1f1;\"><style type=\"text\/css\" scoped=\"scoped\">.fusion-fullwidth-7 {\n                            padding-left: px !important;\n                            padding-right: px !important;\n                        }<\/style><div class=\"fusion-row\"><div class=\"fusion-one-third fusion-layout-column fusion-spacing-no\" style=\"margin-top:0px;margin-bottom:20px;\"><div class=\"fusion-column-wrapper\"><div class=\"fusion-column-table\"><div class=\"fusion-column-tablecell\"><span class=\"fusion-imageframe imageframe-none imageframe-7 hover-type-none\"> <img src=\"\/\/equiqo.com\/wp-content\/uploads\/2015\/02\/ico_4_3.png\" alt=\"\" class=\"img-responsive\"\/><\/span><div class=\"fusion-clearfix\"><\/div><\/div><\/div><\/div><\/div><div class=\"fusion-one-third fusion-layout-column fusion-spacing-no\" style=\"margin-top:0px;margin-bottom:20px;\"><div class=\"fusion-column-wrapper\"><div class=\"fusion-column-table\"><div class=\"fusion-column-tablecell\"><h2>2.\u00a0Rozmowy<\/h2>\n<p>Zdalnie przeprowadzasz rozmowy kwalifikacyjne<\/p>\n<div class=\"fusion-clearfix\"><\/div><\/div><\/div><\/div><\/div><div class=\"fusion-one-third fusion-layout-column fusion-column-last fusion-spacing-no fusion-hide-on-mobile\" style=\"margin-top:0px;margin-bottom:20px;\"><div class=\"fusion-column-wrapper\"><div class=\"fusion-column-table\"><div class=\"fusion-column-tablecell\"><div class=\"fusion-clearfix\"><\/div><\/div><\/div><\/div><\/div><div class=\"fusion-clearfix\"><\/div><\/div><\/div><div class=\"fusion-fullwidth fullwidth-box fusion-fullwidth-8  fusion-parallax-none nonhundred-percent-fullwidth fusion-equal-height-columns\" style=\"border-color:#eae9e9;border-bottom-width: 0px;border-top-width: 0px;border-bottom-style: solid;border-top-style: solid;padding-bottom:60px;padding-top:20px;padding-left:;padding-right:;background-color:#ecf1f1;\"><style type=\"text\/css\" scoped=\"scoped\">.fusion-fullwidth-8 {\n                            padding-left: px !important;\n                            padding-right: px !important;\n                        }<\/style><div class=\"fusion-row\"><div class=\"fusion-one-third fusion-layout-column fusion-spacing-no fusion-hide-on-mobile\" style=\"margin-top:0px;margin-bottom:20px;\"><div class=\"fusion-column-wrapper\"><div class=\"fusion-column-table\"><div class=\"fusion-column-tablecell\"><div class=\"fusion-clearfix\"><\/div><\/div><\/div><\/div><\/div><div class=\"fusion-one-third fusion-layout-column fusion-spacing-no\" style=\"margin-top:0px;margin-bottom:20px;\"><div class=\"fusion-column-wrapper\"><div class=\"fusion-column-table\"><div class=\"fusion-column-tablecell\"><span class=\"fusion-imageframe imageframe-none imageframe-8 hover-type-none\"> <img src=\"\/\/equiqo.com\/wp-content\/uploads\/2015\/02\/ico_4_4.png\" alt=\"\" class=\"img-responsive\"\/><\/span><div class=\"fusion-clearfix\"><\/div><\/div><\/div><\/div><\/div><div class=\"fusion-one-third fusion-layout-column fusion-column-last fusion-spacing-no\" style=\"margin-top:0px;margin-bottom:20px;\"><div class=\"fusion-column-wrapper\"><div class=\"fusion-column-table\"><div class=\"fusion-column-tablecell\"><h2>3.\u00a0Wyb\u00f3r<\/h2>\n<p>Dobierasz osob\u0119 lub osoby.<\/p>\n<div class=\"fusion-clearfix\"><\/div><\/div><\/div><\/div><\/div><div class=\"fusion-clearfix\"><\/div><\/div><\/div>\n","protected":false},"excerpt":{"rendered":"","protected":false},"author":4,"featured_media":0,"parent":0,"menu_order":0,"comment_status":"closed","ping_status":"open","template":"100-width.php","meta":[],"yoast_head":"<!-- This site is optimized with the Yoast SEO plugin v15.3 - https:\/\/yoast.com\/wordpress\/plugins\/seo\/ -->\n<title>Equiqo to Najwy\u017cszej Jako\u015bci rozwi\u0105zania IT<\/title>\n<meta name=\"robots\" content=\"index, follow, max-snippet:-1, max-image-preview:large, max-video-preview:-1\" \/>\n<link rel=\"canonical\" href=\"https:\/\/blog.equiqo.com\/pl\/\" \/>\n<meta property=\"og:locale\" content=\"pl_PL\" \/>\n<meta property=\"og:type\" content=\"article\" \/>\n<meta property=\"og:title\" content=\"Equiqo to Najwy\u017cszej Jako\u015bci rozwi\u0105zania IT\" \/>\n<meta property=\"og:url\" content=\"https:\/\/blog.equiqo.com\/pl\/\" \/>\n<meta property=\"og:site_name\" content=\"Equiqo\" \/>\n<meta property=\"article:modified_time\" content=\"2017-06-08T12:24:22+00:00\" \/>\n<meta property=\"og:image\" content=\"\/\/equiqo.com\/wp-content\/uploads\/2015\/02\/sprinters_6.png\" \/>\n<meta name=\"twitter:card\" content=\"summary\" \/>\n<meta name=\"twitter:label1\" content=\"Written by\">\n\t<meta name=\"twitter:data1\" content=\"Equiqo\">\n\t<meta name=\"twitter:label2\" content=\"Est. reading time\">\n\t<meta name=\"twitter:data2\" content=\"9 minutes\">\n<script type=\"application\/ld+json\" class=\"yoast-schema-graph\">{\"@context\":\"https:\/\/schema.org\",\"@graph\":[{\"@type\":\"WebSite\",\"@id\":\"https:\/\/blog.equiqo.com\/#website\",\"url\":\"https:\/\/blog.equiqo.com\/\",\"name\":\"Equiqo\",\"description\":\"Efficient, Quick, Quality Oriented IT Solutions\",\"potentialAction\":[{\"@type\":\"SearchAction\",\"target\":\"https:\/\/blog.equiqo.com\/?s={search_term_string}\",\"query-input\":\"required name=search_term_string\"}],\"inLanguage\":\"pl-PL\"},{\"@type\":\"ImageObject\",\"@id\":\"https:\/\/blog.equiqo.com\/pl\/#primaryimage\",\"inLanguage\":\"pl-PL\",\"url\":\"\/\/equiqo.com\/wp-content\/uploads\/2015\/02\/sprinters_6.png\"},{\"@type\":\"WebPage\",\"@id\":\"https:\/\/blog.equiqo.com\/pl\/#webpage\",\"url\":\"https:\/\/blog.equiqo.com\/pl\/\",\"name\":\"Equiqo to Najwy\\u017cszej Jako\\u015bci rozwi\\u0105zania IT\",\"isPartOf\":{\"@id\":\"https:\/\/blog.equiqo.com\/#website\"},\"primaryImageOfPage\":{\"@id\":\"https:\/\/blog.equiqo.com\/pl\/#primaryimage\"},\"datePublished\":\"2015-02-10T19:21:05+00:00\",\"dateModified\":\"2017-06-08T12:24:22+00:00\",\"inLanguage\":\"pl-PL\",\"potentialAction\":[{\"@type\":\"ReadAction\",\"target\":[\"https:\/\/blog.equiqo.com\/pl\/\"]}]}]}<\/script>\n<!-- \/ Yoast SEO plugin. -->","_links":{"self":[{"href":"https:\/\/blog.equiqo.com\/pl\/wp-json\/wp\/v2\/pages\/1096"}],"collection":[{"href":"https:\/\/blog.equiqo.com\/pl\/wp-json\/wp\/v2\/pages"}],"about":[{"href":"https:\/\/blog.equiqo.com\/pl\/wp-json\/wp\/v2\/types\/page"}],"author":[{"embeddable":true,"href":"https:\/\/blog.equiqo.com\/pl\/wp-json\/wp\/v2\/users\/4"}],"replies":[{"embeddable":true,"href":"https:\/\/blog.equiqo.com\/pl\/wp-json\/wp\/v2\/comments?post=1096"}],"version-history":[{"count":5,"href":"https:\/\/blog.equiqo.com\/pl\/wp-json\/wp\/v2\/pages\/1096\/revisions"}],"predecessor-version":[{"id":1187,"href":"https:\/\/blog.equiqo.com\/pl\/wp-json\/wp\/v2\/pages\/1096\/revisions\/1187"}],"wp:attachment":[{"href":"https:\/\/blog.equiqo.com\/pl\/wp-json\/wp\/v2\/media?parent=1096"}],"curies":[{"name":"wp","href":"https:\/\/api.w.org\/{rel}","templated":true}]}}